{"id":859,"date":"2024-02-26T16:26:24","date_gmt":"2024-02-26T15:26:24","guid":{"rendered":"https:\/\/lefooding.com\/evenement\/les-priceless-dineurs\/?page_id=859"},"modified":"2024-05-28T18:04:31","modified_gmt":"2024-05-28T16:04:31","slug":"edition-2024","status":"publish","type":"page","link":"https:\/\/lefooding.com\/evenement\/les-priceless-dineurs\/edition-2024\/","title":{"rendered":"2024"},"content":{"rendered":"\n<p>Le Fooding et Mastercard lancent les Priceless D\u00eeneurs ! Une s\u00e9rie d\u2019exp\u00e9riences culinaires in\u00e9dites \u00e0 Paris, qui risque fort bien de vous faire r\u00eaver comme jamais\u2026 Au programme ? Un menu sur mesure \u00e0 d\u00e9guster le temps d\u2019un cin\u00e9, un d\u00eener exceptionnel ex\u00e9cut\u00e9 par des chef\u00b7fes prim\u00e9\u00b7es du prochain guide Fooding, mais aussi, bien s\u00fbr, une invitation VIP \u00e0 notre mythique soir\u00e9e de remise des prix annuelle\u2026 Le temps passe, mais le meilleur reste : 24 heures avant tout le monde, les d\u00e9tenteur\u00b7rices d\u2019une carte Mastercard auront un acc\u00e8s privil\u00e9gi\u00e9 \u00e0 la billetterie\u2026 et bien d\u2019autres surprises.\u00a0<\/p>\n\n\n\n<p><\/p>\n","protected":false},"excerpt":{"rendered":"<p>Le Fooding et Mastercard lancent les Priceless D\u00eeneurs ! Une s\u00e9rie d\u2019exp\u00e9riences culinaires in\u00e9dites \u00e0 Paris, qui risque fort bien de vous faire r\u00eaver comme jamais\u2026 Au programme ? Un menu sur mesure \u00e0 d\u00e9guster le temps d\u2019un cin\u00e9, un d\u00eener exceptionnel ex\u00e9cut\u00e9 par des chef\u00b7fes prim\u00e9\u00b7es du prochain guide Fooding, mais aussi, bien s\u00fbr, [&hellip;]<\/p>\n","protected":false},"author":2,"featured_media":0,"parent":0,"menu_order":0,"comment_status":"closed","ping_status":"closed","template":"","meta":{"_acf_changed":false,"_seopress_robots_primary_cat":"","_seopress_titles_title":"2024 - Les Priceless D\u00eeneurs 2024 - Fooding","_seopress_titles_desc":"Le Fooding et Mastercard lancent les Priceless D\u00eeneurs ! Une s\u00e9rie d\u2019exp\u00e9riences culinaires in\u00e9dites \u00e0 Paris, qui risque fort bien de vous faire r\u00eaver comme jamais...","_seopress_robots_index":"","footnotes":""},"class_list":["post-859","page","type-page","status-publish","hentry"],"acf":[],"_links":{"self":[{"href":"https:\/\/lefooding.com\/evenement\/les-priceless-dineurs\/wp-json\/wp\/v2\/pages\/859","targetHints":{"allow":["GET"]}}],"collection":[{"href":"https:\/\/lefooding.com\/evenement\/les-priceless-dineurs\/wp-json\/wp\/v2\/pages"}],"about":[{"href":"https:\/\/lefooding.com\/evenement\/les-priceless-dineurs\/wp-json\/wp\/v2\/types\/page"}],"author":[{"embeddable":true,"href":"https:\/\/lefooding.com\/evenement\/les-priceless-dineurs\/wp-json\/wp\/v2\/users\/2"}],"replies":[{"embeddable":true,"href":"https:\/\/lefooding.com\/evenement\/les-priceless-dineurs\/wp-json\/wp\/v2\/comments?post=859"}],"version-history":[{"count":12,"href":"https:\/\/lefooding.com\/evenement\/les-priceless-dineurs\/wp-json\/wp\/v2\/pages\/859\/revisions"}],"predecessor-version":[{"id":900,"href":"https:\/\/lefooding.com\/evenement\/les-priceless-dineurs\/wp-json\/wp\/v2\/pages\/859\/revisions\/900"}],"wp:attachment":[{"href":"https:\/\/lefooding.com\/evenement\/les-priceless-dineurs\/wp-json\/wp\/v2\/media?parent=859"}],"curies":[{"name":"wp","href":"https:\/\/api.w.org\/{rel}","templated":true}]}}