{"id":243,"date":"2022-03-18T14:08:22","date_gmt":"2022-03-18T13:08:22","guid":{"rendered":"https:\/\/lefooding.com\/evenement\/priceless-soupers\/2022\/?page_id=243"},"modified":"2023-02-24T17:14:34","modified_gmt":"2023-02-24T16:14:34","slug":"edition-2022","status":"publish","type":"page","link":"https:\/\/lefooding.com\/evenement\/priceless-soupers\/edition-2022\/","title":{"rendered":"2022"},"content":{"rendered":"\n<h4 class=\"wp-block-heading\">Les Priceless Soupers ont dix ans et toutes leurs dents ! Pour f\u00eater cet anniversaire en grande pompe, le Fooding et Mastercard sortent les cotillons et emballent pour l\u2019occasion des \u00e9pisodes pleins de paillettes. Au programme des r\u00e9jouissances ? Les moments les plus \u00e9clatants des dix derni\u00e8res ann\u00e9es en version remasteris\u00e9e\u2026 Le <em>golden ticket<\/em> pour assister \u00e0 la d\u00e9potante soir\u00e9e de lancement du guide Fooding, vous vous souvenez ? Au menu \u00e9galement, de nouveaux \u00e9pisodes tout droit sortis de notre chapeau, avec un d\u00eener bien mis en sc\u00e8ne, une <em>tea party<\/em> \u00e0 faire p\u00e2lir d\u2019envie la reine d\u2019Angleterre, les secrets de nos artisan\u00b7e\u00b7s pr\u00e9f\u00e9r\u00e9\u00b7e\u00b7s pour mijoter les plus chics des soupers, et quelques surprises&#8230;<br>Les d\u00e9tenteur\u00b7rice\u00b7s d\u2019une carte Mastercard auront le privil\u00e8ge de recevoir leur carton d\u2019invitation avant tout le monde. Si \u00e7a, ce n\u2019est pas un beau cadeau !<\/h4>\n\n\n\n<p><\/p>\n","protected":false},"excerpt":{"rendered":"<p>Les Priceless Soupers ont dix ans et toutes leurs dents ! Pour f\u00eater cet anniversaire en grande pompe, le Fooding et Mastercard sortent les cotillons et emballent pour l\u2019occasion des \u00e9pisodes pleins de paillettes. Au programme des r\u00e9jouissances ? Les moments les plus \u00e9clatants des dix derni\u00e8res ann\u00e9es en version remasteris\u00e9e\u2026 Le golden ticket pour [&hellip;]<\/p>\n","protected":false},"author":2,"featured_media":0,"parent":0,"menu_order":0,"comment_status":"closed","ping_status":"closed","template":"","meta":{"footnotes":""},"class_list":["post-243","page","type-page","status-publish","hentry"],"acf":[],"_links":{"self":[{"href":"https:\/\/lefooding.com\/evenement\/priceless-soupers\/wp-json\/wp\/v2\/pages\/243","targetHints":{"allow":["GET"]}}],"collection":[{"href":"https:\/\/lefooding.com\/evenement\/priceless-soupers\/wp-json\/wp\/v2\/pages"}],"about":[{"href":"https:\/\/lefooding.com\/evenement\/priceless-soupers\/wp-json\/wp\/v2\/types\/page"}],"author":[{"embeddable":true,"href":"https:\/\/lefooding.com\/evenement\/priceless-soupers\/wp-json\/wp\/v2\/users\/2"}],"replies":[{"embeddable":true,"href":"https:\/\/lefooding.com\/evenement\/priceless-soupers\/wp-json\/wp\/v2\/comments?post=243"}],"version-history":[{"count":15,"href":"https:\/\/lefooding.com\/evenement\/priceless-soupers\/wp-json\/wp\/v2\/pages\/243\/revisions"}],"predecessor-version":[{"id":620,"href":"https:\/\/lefooding.com\/evenement\/priceless-soupers\/wp-json\/wp\/v2\/pages\/243\/revisions\/620"}],"wp:attachment":[{"href":"https:\/\/lefooding.com\/evenement\/priceless-soupers\/wp-json\/wp\/v2\/media?parent=243"}],"curies":[{"name":"wp","href":"https:\/\/api.w.org\/{rel}","templated":true}]}}